{"id":20,"date":"2017-08-26T07:27:56","date_gmt":"2017-08-26T07:27:56","guid":{"rendered":"http:\/\/dev3.mypagevn.com\/hongkienphat\/?page_id=20"},"modified":"2019-06-14T06:55:16","modified_gmt":"2019-06-14T06:55:16","slug":"lien-he","status":"publish","type":"page","link":"https:\/\/dev3.mypagevn.com\/hongkienphat\/lien-he","title":{"rendered":"Li\u00ean h\u1ec7"},"content":{"rendered":"<p>[vc_row css=&#8221;.vc_custom_1504767264817{margin-top: 30px !important;}&#8221;][vc_column width=&#8221;1\/3&#8243;][vc_custom_heading text=&#8221;C\u00d4NG TY C\u1ed4 PH\u1ea6N THI\u1ebeT K\u1ebe X\u00c2Y D\u1ef0NG H\u1ed2NG KI\u00caN PH\u00c1T&#8221; font_container=&#8221;tag:h2|font_size:15px|text_align:left&#8221; use_theme_fonts=&#8221;yes&#8221; el_class=&#8221;heading_lienhe&#8221;][vc_column_text]<\/p>\n<p style=\"margin: 0px; padding: 0px; box-sizing: border-box; outline: none; color: #000000; font-family: Arial, Helvetica, sans-serif; font-size: 13px;\">Tr\u1ee5 s\u1edf ch\u00ednh :\u00a0 112\/4 \u0110\u01b0\u1eddng T\u00e2n Ch\u00e1nh Hi\u1ec7p 05, P. TCH, Q. 12, Tp.HCM.<\/p>\n<p style=\"margin: 0px; padding: 0px; box-sizing: border-box; outline: none; color: #000000; font-family: Arial, Helvetica, sans-serif; font-size: 13px;\">VP 1 :\u00a0 189 \u0110\u01b0\u1eddng D1, P.25, Q.B\u00ecnh Th\u1ea1nh, TP. HCM<\/p>\n<p style=\"margin: 0px; padding: 0px; box-sizing: border-box; outline: none; color: #000000; font-family: Arial, Helvetica, sans-serif; font-size: 13px;\">VP 2\u00a0 :\u00a0 39\/1A \u0110\u01b0\u1eddng Nguy\u1ec5n Th\u1ecb Minh Khai, P. T\u00e2n \u0110\u00f4ng Hi\u1ec7p, D\u0129 An, B\u00ecnh D\u01b0\u01a1ng.<\/p>\n<p style=\"margin: 0px; padding: 0px; box-sizing: border-box; outline: none; color: #000000; font-family: Arial, Helvetica, sans-serif; font-size: 13px;\">\u0110T : 086.6811.489\u00a0 \u00a0 \u00a0 \u0110TD\u0110 : 0942.680.989<\/p>\n<p style=\"margin: 0px; padding: 0px; box-sizing: border-box; outline: none; color: #000000; font-family: Arial, Helvetica, sans-serif; font-size: 13px;\">Email : hongkienphatcorp@gmail.com<\/p>\n<p>&nbsp;<\/p>\n<p style=\"margin: 0px; padding: 0px; box-sizing: border-box; outline: none; color: #000000; font-family: Arial, Helvetica, sans-serif; font-size: 13px;\">Website : http:\/\/hongkienphat.com<\/p>\n<p>[\/vc_column_text][\/vc_column][vc_column width=&#8221;2\/3&#8243;][vc_custom_heading text=&#8221;Li\u00ean h\u1ec7 v\u1edbi ch\u00fang t\u00f4i&#8221; font_container=&#8221;tag:h2|font_size:15px|text_align:left&#8221; use_theme_fonts=&#8221;yes&#8221; el_class=&#8221;heading_lienhe&#8221;]<div role=\"form\" class=\"wpcf7\" id=\"wpcf7-f4-o1\" lang=\"en-US\" dir=\"ltr\">\n<div class=\"screen-reader-response\"><\/div>\n<form action=\"\/hongkienphat\/wp-json\/wp\/v2\/pages\/20#wpcf7-f4-o1\" method=\"post\" class=\"wpcf7-form\" novalidate=\"novalidate\">\n<div style=\"display: none;\">\n<input type=\"hidden\" name=\"_wpcf7\" value=\"4\" \/>\n<input type=\"hidden\" name=\"_wpcf7_version\" value=\"4.9\" \/>\n<input type=\"hidden\" name=\"_wpcf7_locale\" value=\"en_US\" \/>\n<input type=\"hidden\" name=\"_wpcf7_unit_tag\" value=\"wpcf7-f4-o1\" \/>\n<input type=\"hidden\" name=\"_wpcf7_container_post\" value=\"0\" \/>\n<\/div>\n<p><span class=\"wpcf7-form-control-wrap your-name\"><input type=\"text\" name=\"your-name\" value=\"\" size=\"40\" class=\"wpcf7-form-control wpcf7-text wpcf7-validates-as-required form-control\" id=\"your-name\" aria-required=\"true\" aria-invalid=\"false\" placeholder=\"H\u1ecd t\u00ean\" \/><\/span><\/p>\n<p><span class=\"wpcf7-form-control-wrap your-email\"><input type=\"email\" name=\"your-email\" value=\"\" size=\"40\" class=\"wpcf7-form-control wpcf7-text wpcf7-email wpcf7-validates-as-required wpcf7-validates-as-email form-control\" id=\"your-email\" aria-required=\"true\" aria-invalid=\"false\" placeholder=\"Email\" \/><\/span><\/p>\n<p><span class=\"wpcf7-form-control-wrap your-phone\"><input type=\"number\" name=\"your-phone\" value=\"\" class=\"wpcf7-form-control wpcf7-number wpcf7-validates-as-number form-control\" id=\"your-phone\" aria-invalid=\"false\" placeholder=\"S\u1ed1 \u0111i\u1ec7n tho\u1ea1i\" \/><\/span><\/p>\n<p><span class=\"wpcf7-form-control-wrap your-company\"><input type=\"text\" name=\"your-company\" value=\"\" size=\"40\" class=\"wpcf7-form-control wpcf7-text form-control\" id=\"your-company\" aria-invalid=\"false\" placeholder=\"C\u00f4ng ty\" \/><\/span><\/p>\n<p><span class=\"wpcf7-form-control-wrap your-message\"><textarea name=\"your-message\" cols=\"40\" rows=\"10\" class=\"wpcf7-form-control wpcf7-textarea form-control\" id=\"your-message\" aria-invalid=\"false\" placeholder=\"Th\u00f4ng tin b\u1ea1n c\u1ea7n\"><\/textarea><\/span><\/p>\n<p><input type=\"submit\" value=\"G\u1eecI \u0110I\" class=\"wpcf7-form-control wpcf7-submit form-control\" \/><span class=\"img-submit\"><\/span><\/p>\n<div class=\"wpcf7-response-output wpcf7-display-none\"><\/div><\/form><\/div>[\/vc_column][\/vc_row][vc_row full_width=&#8221;stretch_row_content_no_spaces&#8221; el_class=&#8221;wrap_map&#8221;][vc_column]<div id='wrap_map_69fc7dcbe88a8' class='ultimate-map-wrapper ult-adjust-bottom-margin m-b-none' style=' height:450px;'><div id='map_69fc7dcbe88a8' data-map_override='0' class='ultimate_google_map wpb_content_element page_margin_top' style='width:100%;height:450px;'><\/div><\/div><script type='text\/javascript'>\r\n\t\t\t(function($) {\r\n  \t\t\t'use strict';\r\n\t\t\tvar map_map_69fc7dcbe88a8 = null;\r\n\t\t\tvar coordinate_map_69fc7dcbe88a8;\r\n\t\t\tvar isDraggable = $(document).width() > 641 ? true : true;\r\n\t\t\ttry\r\n\t\t\t{\r\n\t\t\t\tvar map_map_69fc7dcbe88a8 = null;\r\n\t\t\t\tvar coordinate_map_69fc7dcbe88a8;\r\n\t\t\t\tcoordinate_map_69fc7dcbe88a8=new google.maps.LatLng(10.8621143, 106.6321571);\r\n\t\t\t\tvar mapOptions=\r\n\t\t\t\t{\r\n\t\t\t\t\tzoom: 16,\r\n\t\t\t\t\tcenter: coordinate_map_69fc7dcbe88a8,\r\n\t\t\t\t\tscaleControl: true,\r\n\t\t\t\t\tstreetViewControl: true,\r\n\t\t\t\t\tmapTypeControl: true,\r\n\t\t\t\t\tpanControl: false,\r\n\t\t\t\t\tzoomControl: true,\r\n\t\t\t\t\tscrollwheel: false,\r\n\t\t\t\t\tdraggable: isDraggable,\r\n\t\t\t\t\tzoomControlOptions: {\r\n\t\t\t\t\t  style: google.maps.ZoomControlStyle.SMALL\r\n\t\t\t\t\t}, mapTypeControlOptions: {\r\n\t\t\t\t\t  \t\tmapTypeIds: [google.maps.MapTypeId.ROADMAP, 'map_style']\r\n\t\t\t\t\t\t}};var styles = [\n  {\n    \"elementType\": \"geometry\",\n    \"stylers\": [\n      {\n        \"color\": \"#dfdfdf\"\n      }\n    ]\n  },\n  {\n    \"elementType\": \"labels.icon\",\n    \"stylers\": [\n      {\n        \"visibility\": \"off\"\n      }\n    ]\n  },\n  {\n    \"elementType\": \"labels.text.fill\",\n    \"stylers\": [\n      {\n        \"color\": \"#616161\"\n      }\n    ]\n  },\n  {\n    \"elementType\": \"labels.text.stroke\",\n    \"stylers\": [\n      {\n        \"color\": \"#f5f5f5\"\n      }\n    ]\n  },\n  {\n    \"featureType\": \"administrative.land_parcel\",\n    \"elementType\": \"labels.text.fill\",\n    \"stylers\": [\n      {\n        \"color\": \"#bdbdbd\"\n      }\n    ]\n  },\n  {\n    \"featureType\": \"poi\",\n    \"elementType\": \"geometry\",\n    \"stylers\": [\n      {\n        \"color\": \"#eeeeee\"\n      }\n    ]\n  },\n  {\n    \"featureType\": \"poi\",\n    \"elementType\": \"labels.text.fill\",\n    \"stylers\": [\n      {\n        \"color\": \"#757575\"\n      }\n    ]\n  },\n  {\n    \"featureType\": \"poi.park\",\n    \"elementType\": \"geometry\",\n    \"stylers\": [\n      {\n        \"color\": \"#e5e5e5\"\n      }\n    ]\n  },\n  {\n    \"featureType\": \"poi.park\",\n    \"elementType\": \"labels.text.fill\",\n    \"stylers\": [\n      {\n        \"color\": \"#9e9e9e\"\n      }\n    ]\n  },\n  {\n    \"featureType\": \"road\",\n    \"elementType\": \"geometry\",\n    \"stylers\": [\n      {\n        \"color\": \"#ffffff\"\n      }\n    ]\n  },\n  {\n    \"featureType\": \"road.arterial\",\n    \"elementType\": \"labels.text.fill\",\n    \"stylers\": [\n      {\n        \"color\": \"#757575\"\n      }\n    ]\n  },\n  {\n    \"featureType\": \"road.highway\",\n    \"elementType\": \"geometry\",\n    \"stylers\": [\n      {\n        \"color\": \"#dadada\"\n      }\n    ]\n  },\n  {\n    \"featureType\": \"road.highway\",\n    \"elementType\": \"labels.text.fill\",\n    \"stylers\": [\n      {\n        \"color\": \"#616161\"\n      }\n    ]\n  },\n  {\n    \"featureType\": \"road.local\",\n    \"elementType\": \"labels.text.fill\",\n    \"stylers\": [\n      {\n        \"color\": \"#9e9e9e\"\n      }\n    ]\n  },\n  {\n    \"featureType\": \"transit.line\",\n    \"elementType\": \"geometry\",\n    \"stylers\": [\n      {\n        \"color\": \"#e5e5e5\"\n      }\n    ]\n  },\n  {\n    \"featureType\": \"transit.station\",\n    \"elementType\": \"geometry\",\n    \"stylers\": [\n      {\n        \"color\": \"#eeeeee\"\n      }\n    ]\n  },\n  {\n    \"featureType\": \"water\",\n    \"elementType\": \"geometry\",\n    \"stylers\": [\n      {\n        \"color\": \"#c9c9c9\"\n      }\n    ]\n  },\n  {\n    \"featureType\": \"water\",\n    \"elementType\": \"labels.text.fill\",\n    \"stylers\": [\n      {\n        \"color\": \"#9e9e9e\"\n      }\n    ]\n  }\n]\n;\r\n\t\t\t\t\t\tvar styledMap = new google.maps.StyledMapType(styles,\r\n\t\t\t\t\t    \t{name: \"Styled Map\"});var map_map_69fc7dcbe88a8 = new google.maps.Map(document.getElementById('map_69fc7dcbe88a8'),mapOptions);map_map_69fc7dcbe88a8.mapTypes.set('map_style', styledMap);\r\n \t\t\t\t\t\t\t map_map_69fc7dcbe88a8.setMapTypeId('map_style');\r\n\t\t\t\t\t\tvar x = 'off';\r\n\t\t\t\t\t\tvar marker_map_69fc7dcbe88a8 = new google.maps.Marker({\r\n\t\t\t\t\t\tposition: new google.maps.LatLng(10.8621143, 106.6321571),\r\n\t\t\t\t\t\tanimation:  google.maps.Animation.DROP,\r\n\t\t\t\t\t\tmap: map_map_69fc7dcbe88a8,\r\n\t\t\t\t\t\ticon: 'https:\/\/dev3.mypagevn.com\/hongkienphat\/wp-content\/uploads\/2017\/08\/icon-map.png'\r\n\t\t\t\t\t});\r\n\t\t\t\t\tgoogle.maps.event.addListener(marker_map_69fc7dcbe88a8, 'click', toggleBounce);var infowindow = new google.maps.InfoWindow();\r\n\t\t\t\t\t\t\tinfowindow.setContent('<div class=\"map_info_text\" style=\\'color:#000;\\'>Tr\u1ee5 s\u1edf ch\u00ednh :\u00a0 112\/4 \u0110\u01b0\u1eddng T\u00e2n Ch\u00e1nh Hi\u1ec7p 05, P. TCH, Q. 12, Tp.HCM.<\/p> <p>VP 1 :\u00a0 189 \u0110\u01b0\u1eddng D1, P.25, Q.B\u00ecnh Th\u1ea1nh, TP. HCM<\/p> <p>VP 2\u00a0 :\u00a0 39\/1A \u0110\u01b0\u1eddng Nguy\u1ec5n Th\u1ecb Minh Khai, P. T\u00e2n \u0110\u00f4ng Hi\u1ec7p, D\u0129 An, B\u00ecnh D\u01b0\u01a1ng.<\/div>');infowindow.open(map_map_69fc7dcbe88a8,marker_map_69fc7dcbe88a8);google.maps.event.addListener(marker_map_69fc7dcbe88a8, 'click', function() {\r\n\t\t\t\t\t\t\t\tinfowindow.open(map_map_69fc7dcbe88a8,marker_map_69fc7dcbe88a8);\r\n\t\t\t\t\t\t  \t});}\r\n\t\t\tcatch(e){};\r\n\t\t\tjQuery(document).ready(function($){\r\n\t\t\t\tgoogle.maps.event.trigger(map_map_69fc7dcbe88a8, 'resize');\r\n\t\t\t\t$(window).resize(function(){\r\n\t\t\t\t\tgoogle.maps.event.trigger(map_map_69fc7dcbe88a8, 'resize');\r\n\t\t\t\t\tif(map_map_69fc7dcbe88a8!=null)\r\n\t\t\t\t\t\tmap_map_69fc7dcbe88a8.setCenter(coordinate_map_69fc7dcbe88a8);\r\n\t\t\t\t});\r\n\t\t\t\t$('.ui-tabs').bind('tabsactivate', function(event, ui) {\r\n\t\t\t\t   if($(this).find('.ultimate-map-wrapper').length > 0)\r\n\t\t\t\t\t{\r\n\t\t\t\t\t\tsetTimeout(function(){\r\n\t\t\t\t\t\t\t$(window).trigger('resize');\r\n\t\t\t\t\t\t},200);\r\n\t\t\t\t\t}\r\n\t\t\t\t});\r\n\t\t\t\t$('.ui-accordion').bind('accordionactivate', function(event, ui) {\r\n\t\t\t\t   if($(this).find('.ultimate-map-wrapper').length > 0)\r\n\t\t\t\t\t{\r\n\t\t\t\t\t\tsetTimeout(function(){\r\n\t\t\t\t\t\t\t$(window).trigger('resize');\r\n\t\t\t\t\t\t},200);\r\n\t\t\t\t\t}\r\n\t\t\t\t});\r\n\t\t\t\t$(window).load(function(){\r\n\t\t\t\t\tsetTimeout(function(){\r\n\t\t\t\t\t\t$(window).trigger('resize');\r\n\t\t\t\t\t},200);\r\n\t\t\t\t});\r\n\t\t\t\t$('.ult_exp_section').select(function(){\r\n\t\t\t\t\tif($(map_map_69fc7dcbe88a8).parents('.ult_exp_section'))\r\n\t\t\t\t\t{\r\n\t\t\t\t\t\tsetTimeout(function(){\r\n\t\t\t\t\t\t\t$(window).trigger('resize');\r\n\t\t\t\t\t\t},200);\r\n\t\t\t\t\t}\r\n\t\t\t\t});\r\n\t\t\t\t$(document).on('onUVCModalPopupOpen', function(){\r\n\t\t\t\t\tif($(map_map_69fc7dcbe88a8).parents('.ult_modal-content'))\r\n\t\t\t\t\t{\r\n\t\t\t\t\t\tsetTimeout(function(){\r\n\t\t\t\t\t\t\t$(window).trigger('resize');\r\n\t\t\t\t\t\t},200);\r\n\t\t\t\t\t}\r\n\t\t\t\t});\r\n\t\t\t\t$(document).on('click','.ult_tab_li',function(){\r\n\t\t\t\t\t$(window).trigger('resize');\r\n\t\t\t\t\tsetTimeout(function(){\r\n\t\t\t\t\t\t$(window).trigger('resize');\r\n\t\t\t\t\t},200);\r\n\t\t\t\t});\r\n\t\t\t});\r\n\t\t\tfunction toggleBounce() {\r\n\t\t\t  if (marker_map_69fc7dcbe88a8.getAnimation() != null) {\r\n\t\t\t\tmarker_map_69fc7dcbe88a8.setAnimation(null);\r\n\t\t\t  } else {\r\n\t\t\t\tmarker_map_69fc7dcbe88a8.setAnimation(google.maps.Animation.BOUNCE);\r\n\t\t\t  }\r\n\t\t\t}\r\n\t\t\t})(jQuery);\r\n\t\t\t<\/script>[\/vc_column][\/vc_row]<\/p>\n","protected":false},"excerpt":{"rendered":"<p>[vc_row css=&#8221;.vc_custom_1504767264817{margin-top: 30px !important;}&#8221;][vc_column width=&#8221;1\/3&#8243;][vc_custom_heading text=&#8221;C\u00d4NG TY C\u1ed4 PH\u1ea6N THI\u1ebeT K\u1ebe X\u00c2Y D\u1ef0NG H\u1ed2NG KI\u00caN PH\u00c1T&#8221; font_container=&#8221;tag:h2|font_size:15px|text_align:left&#8221; use_theme_fonts=&#8221;yes&#8221; el_class=&#8221;heading_lienhe&#8221;][vc_column_text] Tr\u1ee5 s\u1edf ch\u00ednh :\u00a0 112\/4 \u0110\u01b0\u1eddng T\u00e2n Ch\u00e1nh Hi\u1ec7p 05, P. TCH, Q. 12, Tp.HCM. VP 1 :\u00a0 189 \u0110\u01b0\u1eddng D1, P.25, Q.B\u00ecnh Th\u1ea1nh, TP. HCM VP 2\u00a0 :\u00a0 39\/1A \u0110\u01b0\u1eddng Nguy\u1ec5n Th\u1ecb Minh Khai, P. [&hellip;]<\/p>\n","protected":false},"author":1,"featured_media":0,"parent":0,"menu_order":0,"comment_status":"closed","ping_status":"closed","template":"","meta":[],"_links":{"self":[{"href":"https:\/\/dev3.mypagevn.com\/hongkienphat\/wp-json\/wp\/v2\/pages\/20"}],"collection":[{"href":"https:\/\/dev3.mypagevn.com\/hongkienphat\/wp-json\/wp\/v2\/pages"}],"about":[{"href":"https:\/\/dev3.mypagevn.com\/hongkienphat\/wp-json\/wp\/v2\/types\/page"}],"author":[{"embeddable":true,"href":"https:\/\/dev3.mypagevn.com\/hongkienphat\/wp-json\/wp\/v2\/users\/1"}],"replies":[{"embeddable":true,"href":"https:\/\/dev3.mypagevn.com\/hongkienphat\/wp-json\/wp\/v2\/comments?post=20"}],"version-history":[{"count":29,"href":"https:\/\/dev3.mypagevn.com\/hongkienphat\/wp-json\/wp\/v2\/pages\/20\/revisions"}],"predecessor-version":[{"id":676,"href":"https:\/\/dev3.mypagevn.com\/hongkienphat\/wp-json\/wp\/v2\/pages\/20\/revisions\/676"}],"wp:attachment":[{"href":"https:\/\/dev3.mypagevn.com\/hongkienphat\/wp-json\/wp\/v2\/media?parent=20"}],"curies":[{"name":"wp","href":"https:\/\/api.w.org\/{rel}","templated":true}]}}